{"id":307,"date":"2016-04-12T09:43:10","date_gmt":"2016-04-12T09:43:10","guid":{"rendered":"https:\/\/centrevisueloed.com\/?page_id=307"},"modified":"2016-04-20T09:15:54","modified_gmt":"2016-04-20T09:15:54","slug":"our-services","status":"publish","type":"page","link":"https:\/\/centrevisueloed.com\/fr\/our-services\/","title":{"rendered":"Our Services"},"content":{"rendered":"<div class=\"wpb-content-wrapper\"><div class=\"vc_row wpb_row vc_row-fluid\"><div class=\"wpb_column vc_column_container vc_col-sm-12\"><div class=\"vc_column-inner\"><div class=\"wpb_wrapper\"><div class=\"sc_section margin_top_tiny margin_bottom_small aligncenter\" style=\" max-width: 950px;\"><div class=\"sc_section_inner\"><div class=\"sc_section_content_wrap\"><h2 class=\"sc_title sc_title_regular sc_align_center margin_top_super_huge margin_bottom_medium\" style=\"text-align:center;\">Services d'optom\u00e9trie complets<\/h2><span class=\"sc_highlight\" style=\"line-height: 1.7em!important;font-size:1.2em; line-height: 1em;\">Nous traitons nos patients avec la plus grande attention et selon une approche individuelle, en leur proposant des lunettes \u00e9l\u00e9gantes et les derni\u00e8res innovations en mati\u00e8re de lentilles de contact, dans un environnement d\u00e9tendu et amical.<\/span><\/div><\/div><\/div><\/div><\/div><\/div><\/div><div class=\"vc_row wpb_row vc_row-fluid\"><div class=\"wpb_column vc_column_container vc_col-sm-12\"><div class=\"vc_column-inner vc_custom_1461133314762\"><div class=\"wpb_wrapper\"><div id=\"sc_services_709110548_wrap\" class=\"sc_services_wrap\"><div id=\"sc_services_709110548\" class=\"sc_services sc_services_style_services-1 sc_services_type_icons  margin_top_small margin_bottom_medium\" style=\"width:100%;\"><div class=\"sc_columns columns_wrap\"><div class=\"column-1_4 column_padding_bottom\">\t\t\t<div id=\"sc_services_709110548_1\"\t\t\t\tclass=\"sc_services_item sc_services_item_1 odd first\"\n\t\t\t\t>\n\t\t\t\t<a href=\"https:\/\/centrevisueloed.com\/fr\/services\/comprehensive-eye-exams\/\"><span class=\"sc_icon icon-icon1\"><\/span><\/a>\t\t\t\t<div class=\"sc_services_item_content\">\n\t\t\t\t\t<h4 class=\"sc_services_item_title\"><a href=\"https:\/\/centrevisueloed.com\/fr\/services\/comprehensive-eye-exams\/\">Examen oculo-visuel complet<\/a><\/h4>\n\t\t\t\t\t<div class=\"sc_services_item_description\">\n\t\t\t\t\t\t<p>Nous nous en tenons \u00e0 offrir un examen oculaire complet pour chaque patient.<\/p><a href=\"https:\/\/centrevisueloed.com\/fr\/services\/comprehensive-eye-exams\/\" class=\"sc_services_item_readmore\">Details<span class=\"icon-right\"><\/span><\/a>\t\t\t\t\t<\/div>\n\t\t\t\t<\/div>\n\t\t\t<\/div>\n\t\t<\/div><div class=\"column-1_4 column_padding_bottom\">\t\t\t<div id=\"sc_services_709110548_2\"\t\t\t\tclass=\"sc_services_item sc_services_item_2 even\"\n\t\t\t\t>\n\t\t\t\t<a href=\"https:\/\/centrevisueloed.com\/fr\/services\/complete-optical-services\/\"><span class=\"sc_icon icon-icon2\"><\/span><\/a>\t\t\t\t<div class=\"sc_services_item_content\">\n\t\t\t\t\t<h4 class=\"sc_services_item_title\"><a href=\"https:\/\/centrevisueloed.com\/fr\/services\/complete-optical-services\/\">Services optique complet<\/a><\/h4>\n\t\t\t\t\t<div class=\"sc_services_item_description\">\n\t\t\t\t\t\t<p>Une vaste gamme de services personnalis\u00e9 est propos\u00e9e, notamment des montures de cr\u00e9ateurs,  optques et solaires tri\u00e9es sur le volet.<\/p><a href=\"https:\/\/centrevisueloed.com\/fr\/services\/complete-optical-services\/\" class=\"sc_services_item_readmore\">Details<span class=\"icon-right\"><\/span><\/a>\t\t\t\t\t<\/div>\n\t\t\t\t<\/div>\n\t\t\t<\/div>\n\t\t<\/div><div class=\"column-1_4 column_padding_bottom\">\t\t\t<div id=\"sc_services_709110548_3\"\t\t\t\tclass=\"sc_services_item sc_services_item_3 odd\"\n\t\t\t\t>\n\t\t\t\t<a href=\"https:\/\/centrevisueloed.com\/fr\/services\/contact-lens-examination\/\"><span class=\"sc_icon icon-icon3\"><\/span><\/a>\t\t\t\t<div class=\"sc_services_item_content\">\n\t\t\t\t\t<h4 class=\"sc_services_item_title\"><a href=\"https:\/\/centrevisueloed.com\/fr\/services\/contact-lens-examination\/\">Examen pour ajustement de lentilles corn\u00e9ennes<\/a><\/h4>\n\t\t\t\t\t<div class=\"sc_services_item_description\">\n\t\t\t\t\t\t<p>Evaluation personnalis\u00e9e pour obtenir la paire de lentilles corn\u00e9ennes qui r\u00e9pond au mieux au besoin du patient.<\/p><a href=\"https:\/\/centrevisueloed.com\/fr\/services\/contact-lens-examination\/\" class=\"sc_services_item_readmore\">Details<span class=\"icon-right\"><\/span><\/a>\t\t\t\t\t<\/div>\n\t\t\t\t<\/div>\n\t\t\t<\/div>\n\t\t<\/div><div class=\"column-1_4 column_padding_bottom\">\t\t\t<div id=\"sc_services_709110548_4\"\t\t\t\tclass=\"sc_services_item sc_services_item_4 even\"\n\t\t\t\t>\n\t\t\t\t<a href=\"https:\/\/centrevisueloed.com\/fr\/services\/urgent-care\/\"><span class=\"sc_icon icon-icon4\"><\/span><\/a>\t\t\t\t<div class=\"sc_services_item_content\">\n\t\t\t\t\t<h4 class=\"sc_services_item_title\"><a href=\"https:\/\/centrevisueloed.com\/fr\/services\/urgent-care\/\">Urgence oculaire<\/a><\/h4>\n\t\t\t\t\t<div class=\"sc_services_item_description\">\n\t\t\t\t\t\t<p>Vous ressentez une douleur soudaine, une perte de vision, un choc \u00e0 l\u2019\u0153il ou tout autre sympt\u00f4me inqui\u00e9tant? Il est important d\u2019agir rapidement pour \u00e9viter d'\u00e9ventuelles complications graves.<\/p><a href=\"https:\/\/centrevisueloed.com\/fr\/services\/urgent-care\/\" class=\"sc_services_item_readmore\">Details<span class=\"icon-right\"><\/span><\/a>\t\t\t\t\t<\/div>\n\t\t\t\t<\/div>\n\t\t\t<\/div>\n\t\t<\/div><\/div><\/div><!-- \/.sc_services --><\/div><!-- \/.sc_services_wrap --><\/div><\/div><\/div><\/div><div data-vc-full-width=\"true\" data-vc-full-width-init=\"false\" class=\"vc_row wpb_row vc_row-fluid vc_custom_1460453431494 vc_row-has-fill\"><div class=\"wpb_column vc_column_container vc_col-sm-12\"><div class=\"vc_column-inner vc_custom_1461134188583\"><div class=\"wpb_wrapper\"><div id=\"sc_call_to_action_1392867483\" class=\"sc_call_to_action sc_call_to_action_style_2 sc_call_to_action_align_left margin_top_huge margin_bottom_medium\" style=\"width:100%;\"><div class=\"columns_wrap\"><div class=\"sc_call_to_action_info column-3_4\"><h2 class=\"sc_call_to_action_title sc_item_title\">R\u00e9servez en ligne votre rendez-vous pour un examen<\/h2><\/div><div class=\"sc_call_to_action_buttons sc_item_buttons column-1_4\"><div class=\"sc_call_to_action_button sc_item_button\"><a href=\"\/fr\/appointment\/\" class=\"sc_button sc_button_square sc_button_style_filled sc_button_size_small style_color_original\">Prendre un Rendez-vous<\/a><\/div><\/div><\/div><\/div><\/div><\/div><\/div><\/div><div class=\"vc_row-full-width vc_clearfix\"><\/div><div data-vc-full-width=\"true\" data-vc-full-width-init=\"false\" class=\"vc_row wpb_row vc_row-fluid vc_custom_1460453788884 vc_row-has-fill\"><div class=\"wpb_column vc_column_container vc_col-sm-12\"><div class=\"vc_column-inner\"><div class=\"wpb_wrapper\"><div id=\"sc_services_1417268786_wrap\" class=\"sc_services_wrap\"><div id=\"sc_services_1417268786\" class=\"sc_services sc_services_style_services-2 sc_services_type_icons  margin_top_super_huge margin_bottom_medium\" style=\"width:100%;\"><div class=\"sc_columns columns_wrap\"><div class=\"column-1_3 column_padding_bottom\">\t\t\t<div id=\"sc_services_1417268786_1\"\t\t\t\tclass=\"sc_services_item sc_services_item_1 odd first\"\n\t\t\t\t>\n\t\t\t\t<a href=\"https:\/\/centrevisueloed.com\/fr\/services\/open-5-days-a-week\/\"><span class=\"sc_icon icon-01\"><\/span><\/a>\t\t\t\t<div class=\"sc_services_item_content\">\n\t\t\t\t\t<h4 class=\"sc_services_item_title\"><a href=\"https:\/\/centrevisueloed.com\/fr\/services\/open-5-days-a-week\/\">Heures d'ouverture<\/a><\/h4>\n\t\t\t\t\t<div class=\"sc_services_item_description\">\n\t\t\t\t\t\t<p>10 AM &#8211; 5PM<\/p>\t\t\t\t\t<\/div>\n\t\t\t\t<\/div>\n\t\t\t<\/div>\n\t\t<\/div><div class=\"column-1_3 column_padding_bottom\">\t\t\t<div id=\"sc_services_1417268786_2\"\t\t\t\tclass=\"sc_services_item sc_services_item_2 even\"\n\t\t\t\t>\n\t\t\t\t<a href=\"https:\/\/centrevisueloed.com\/fr\/services\/immediate-service\/\"><span class=\"sc_icon icon-02\"><\/span><\/a>\t\t\t\t<div class=\"sc_services_item_content\">\n\t\t\t\t\t<h4 class=\"sc_services_item_title\"><a href=\"https:\/\/centrevisueloed.com\/fr\/services\/immediate-service\/\">Service Rapide<\/a><\/h4>\n\t\t\t\t\t<div class=\"sc_services_item_description\">\n\t\t\t\t\t\t<p>Service personnalis\u00e9 et efficace<\/p>\t\t\t\t\t<\/div>\n\t\t\t\t<\/div>\n\t\t\t<\/div>\n\t\t<\/div><div class=\"column-1_3 column_padding_bottom\">\t\t\t<div id=\"sc_services_1417268786_3\"\t\t\t\tclass=\"sc_services_item sc_services_item_3 odd\"\n\t\t\t\t>\n\t\t\t\t<a href=\"https:\/\/centrevisueloed.com\/fr\/services\/licensed-specialists\/\"><span class=\"sc_icon icon-03\"><\/span><\/a>\t\t\t\t<div class=\"sc_services_item_content\">\n\t\t\t\t\t<h4 class=\"sc_services_item_title\"><a href=\"https:\/\/centrevisueloed.com\/fr\/services\/licensed-specialists\/\">Sp\u00e9cialistes Qualifi\u00e9s<\/a><\/h4>\n\t\t\t\t\t<div class=\"sc_services_item_description\">\n\t\t\t\t\t\t<p>Rencontrez nos optom\u00e9tristes<\/p>\t\t\t\t\t<\/div>\n\t\t\t\t<\/div>\n\t\t\t<\/div>\n\t\t<\/div><div class=\"column-1_3 column_padding_bottom\">\t\t\t<div id=\"sc_services_1417268786_4\"\t\t\t\tclass=\"sc_services_item sc_services_item_4 even\"\n\t\t\t\t>\n\t\t\t\t<a href=\"https:\/\/centrevisueloed.com\/fr\/services\/cases-of-insurance\/\"><span class=\"sc_icon icon-04\"><\/span><\/a>\t\t\t\t<div class=\"sc_services_item_content\">\n\t\t\t\t\t<h4 class=\"sc_services_item_title\"><a href=\"https:\/\/centrevisueloed.com\/fr\/services\/cases-of-insurance\/\">Nous offrons la facturation directe afin que vous ne d\u00e9boursiez que la portion non couverte par votre assureur<\/a><\/h4>\n\t\t\t\t\t<div class=\"sc_services_item_description\">\n\t\t\t\t\t\t<p>Liste<\/p>\t\t\t\t\t<\/div>\n\t\t\t\t<\/div>\n\t\t\t<\/div>\n\t\t<\/div><div class=\"column-1_3 column_padding_bottom\">\t\t\t<div id=\"sc_services_1417268786_5\"\t\t\t\tclass=\"sc_services_item sc_services_item_5 odd\"\n\t\t\t\t>\n\t\t\t\t<a href=\"https:\/\/centrevisueloed.com\/fr\/services\/repairs-and-adjustments\/\"><span class=\"sc_icon icon-05\"><\/span><\/a>\t\t\t\t<div class=\"sc_services_item_content\">\n\t\t\t\t\t<h4 class=\"sc_services_item_title\"><a href=\"https:\/\/centrevisueloed.com\/fr\/services\/repairs-and-adjustments\/\">R\u00e9parations et Ajustements<\/a><\/h4>\n\t\t\t\t\t<div class=\"sc_services_item_description\">\n\t\t\t\t\t\t<p>Services d'ajustements gratuits<\/p>\t\t\t\t\t<\/div>\n\t\t\t\t<\/div>\n\t\t\t<\/div>\n\t\t<\/div><div class=\"column-1_3 column_padding_bottom\">\t\t\t<div id=\"sc_services_1417268786_6\"\t\t\t\tclass=\"sc_services_item sc_services_item_6 even\"\n\t\t\t\t>\n\t\t\t\t<a href=\"https:\/\/centrevisueloed.com\/fr\/services\/warranty\/\"><span class=\"sc_icon icon-06\"><\/span><\/a>\t\t\t\t<div class=\"sc_services_item_content\">\n\t\t\t\t\t<h4 class=\"sc_services_item_title\"><a href=\"https:\/\/centrevisueloed.com\/fr\/services\/warranty\/\">Garantie<\/a><\/h4>\n\t\t\t\t\t<div class=\"sc_services_item_description\">\n\t\t\t\t\t\t<p>Garanties limit\u00e9es sur nos produits<\/p>\t\t\t\t\t<\/div>\n\t\t\t\t<\/div>\n\t\t\t<\/div>\n\t\t<\/div><\/div><\/div><!-- \/.sc_services --><\/div><!-- \/.sc_services_wrap --><\/div><\/div><\/div><\/div><div class=\"vc_row-full-width vc_clearfix\"><\/div><div class=\"vc_row wpb_row vc_row-fluid\"><div class=\"wpb_column vc_column_container vc_col-sm-12\"><div class=\"vc_column-inner\"><div class=\"wpb_wrapper\"><div id=\"sc_clients_2112245363_wrap\" class=\"sc_clients_wrap\"><div id=\"sc_clients_2112245363\" class=\"sc_clients sc_clients_style_clients-1  margin_top_large margin_bottom_medium\" style=\"width:100%;\"><div class=\"sc_slider_swiper swiper-slider-container sc_slider_nopagination sc_slider_nocontrols\" data-interval=\"5588\" data-slides-per-view=\"8\" data-slides-min-width=\"100\"><div class=\"slides swiper-wrapper\"><div class=\"swiper-slide\" data-style=\"width:100%;\" style=\"width:100%;\">\t\t\t<div id=\"sc_clients_2112245363_1\" class=\"sc_clients_item sc_clients_item_1 odd first\">\n\t\t\t\t\t\t\t\t<div class=\"sc_client_image\"><img decoding=\"async\" class=\"wp-post-image\" alt=\"Client 8\" src=\"https:\/\/centrevisueloed.com\/wp-content\/uploads\/2016\/04\/logo1.png\"><\/div>\n\t\t\t\t\t\t\t<\/div>\n\t\t<\/div><div class=\"swiper-slide\" data-style=\"width:100%;\" style=\"width:100%;\">\t\t\t<div id=\"sc_clients_2112245363_2\" class=\"sc_clients_item sc_clients_item_2 even\">\n\t\t\t\t\t\t\t\t<div class=\"sc_client_image\"><img decoding=\"async\" class=\"wp-post-image\" alt=\"Client 7\" src=\"https:\/\/centrevisueloed.com\/wp-content\/uploads\/2016\/04\/logo2.png\"><\/div>\n\t\t\t\t\t\t\t<\/div>\n\t\t<\/div><div class=\"swiper-slide\" data-style=\"width:100%;\" style=\"width:100%;\">\t\t\t<div id=\"sc_clients_2112245363_3\" class=\"sc_clients_item sc_clients_item_3 odd\">\n\t\t\t\t\t\t\t\t<div class=\"sc_client_image\"><img decoding=\"async\" class=\"wp-post-image\" alt=\"Client 6\" src=\"https:\/\/centrevisueloed.com\/wp-content\/uploads\/2016\/04\/logo3.png\"><\/div>\n\t\t\t\t\t\t\t<\/div>\n\t\t<\/div><div class=\"swiper-slide\" data-style=\"width:100%;\" style=\"width:100%;\">\t\t\t<div id=\"sc_clients_2112245363_4\" class=\"sc_clients_item sc_clients_item_4 even\">\n\t\t\t\t\t\t\t\t<div class=\"sc_client_image\"><img decoding=\"async\" class=\"wp-post-image\" alt=\"Client 5\" src=\"https:\/\/centrevisueloed.com\/wp-content\/uploads\/2016\/04\/logo4.png\"><\/div>\n\t\t\t\t\t\t\t<\/div>\n\t\t<\/div><div class=\"swiper-slide\" data-style=\"width:100%;\" style=\"width:100%;\">\t\t\t<div id=\"sc_clients_2112245363_5\" class=\"sc_clients_item sc_clients_item_5 odd\">\n\t\t\t\t\t\t\t\t<div class=\"sc_client_image\"><img decoding=\"async\" class=\"wp-post-image\" alt=\"Client 4\" src=\"https:\/\/centrevisueloed.com\/wp-content\/uploads\/2016\/04\/logo5.png\"><\/div>\n\t\t\t\t\t\t\t<\/div>\n\t\t<\/div><div class=\"swiper-slide\" data-style=\"width:100%;\" style=\"width:100%;\">\t\t\t<div id=\"sc_clients_2112245363_6\" class=\"sc_clients_item sc_clients_item_6 even\">\n\t\t\t\t\t\t\t\t<div class=\"sc_client_image\"><img decoding=\"async\" class=\"wp-post-image\" alt=\"Client 3\" src=\"https:\/\/centrevisueloed.com\/wp-content\/uploads\/2016\/04\/logo6.png\"><\/div>\n\t\t\t\t\t\t\t<\/div>\n\t\t<\/div><div class=\"swiper-slide\" data-style=\"width:100%;\" style=\"width:100%;\">\t\t\t<div id=\"sc_clients_2112245363_7\" class=\"sc_clients_item sc_clients_item_7 odd\">\n\t\t\t\t\t\t\t\t<div class=\"sc_client_image\"><img decoding=\"async\" class=\"wp-post-image\" alt=\"Client 2\" src=\"https:\/\/centrevisueloed.com\/wp-content\/uploads\/2016\/04\/logo7.png\"><\/div>\n\t\t\t\t\t\t\t<\/div>\n\t\t<\/div><div class=\"swiper-slide\" data-style=\"width:100%;\" style=\"width:100%;\">\t\t\t<div id=\"sc_clients_2112245363_8\" class=\"sc_clients_item sc_clients_item_8 even\">\n\t\t\t\t\t\t\t\t<div class=\"sc_client_image\"><img decoding=\"async\" class=\"wp-post-image\" alt=\"Client 1\" src=\"https:\/\/centrevisueloed.com\/wp-content\/uploads\/2016\/04\/logo8.png\"><\/div>\n\t\t\t\t\t\t\t<\/div>\n\t\t<\/div><\/div><div class=\"sc_slider_controls_wrap\"><a class=\"sc_slider_prev\" href=\"#\"><\/a><a class=\"sc_slider_next\" href=\"#\"><\/a><\/div><div class=\"sc_slider_pagination_wrap\"><\/div><\/div><\/div><!-- \/.sc_clients --><\/div><!-- \/.sc_clients_wrap --><\/div><\/div><\/div><\/div>\n<\/div>","protected":false},"excerpt":{"rendered":"","protected":false},"author":990003,"featured_media":0,"parent":0,"menu_order":0,"comment_status":"closed","ping_status":"closed","template":"","meta":{"footnotes":""},"class_list":["post-307","page","type-page","status-publish","hentry"],"_links":{"self":[{"href":"https:\/\/centrevisueloed.com\/fr\/wp-json\/wp\/v2\/pages\/307","targetHints":{"allow":["GET"]}}],"collection":[{"href":"https:\/\/centrevisueloed.com\/fr\/wp-json\/wp\/v2\/pages"}],"about":[{"href":"https:\/\/centrevisueloed.com\/fr\/wp-json\/wp\/v2\/types\/page"}],"author":[{"embeddable":true,"href":"https:\/\/centrevisueloed.com\/fr\/wp-json\/wp\/v2\/users\/990003"}],"replies":[{"embeddable":true,"href":"https:\/\/centrevisueloed.com\/fr\/wp-json\/wp\/v2\/comments?post=307"}],"version-history":[{"count":0,"href":"https:\/\/centrevisueloed.com\/fr\/wp-json\/wp\/v2\/pages\/307\/revisions"}],"wp:attachment":[{"href":"https:\/\/centrevisueloed.com\/fr\/wp-json\/wp\/v2\/media?parent=307"}],"curies":[{"name":"wp","href":"https:\/\/api.w.org\/{rel}","templated":true}]}}