{"id":405,"date":"2016-04-12T12:49:45","date_gmt":"2016-04-12T12:49:45","guid":{"rendered":"https:\/\/centrevisueloed.com\/?page_id=405"},"modified":"2016-04-19T10:03:28","modified_gmt":"2016-04-19T10:03:28","slug":"pricing","status":"publish","type":"page","link":"https:\/\/centrevisueloed.com\/fr\/pricing\/","title":{"rendered":"Pricing"},"content":{"rendered":"<div class=\"wpb-content-wrapper\"><div class=\"vc_row wpb_row vc_row-fluid\"><div class=\"wpb_column vc_column_container vc_col-sm-12\"><div class=\"vc_column-inner\"><div class=\"wpb_wrapper\"><h2 class=\"sc_title sc_title_regular sc_align_center margin_top_super_huge margin_bottom_medium\" style=\"text-align:center;\">Services d'optom\u00e9trie complets<\/h2><div class=\"sc_section aligncenter\" style=\" max-width: 950px;\"><div class=\"sc_section_inner\"><div class=\"sc_section_content_wrap\"><span class=\"sc_highlight\" style=\"line-height: 1.7em!important;font-size:1.2em; line-height: 1em;\">Nous traitons nos patients avec la plus grande attention et selon une approche individuelle, en leur proposant des lunettes \u00e9l\u00e9gantes et les derni\u00e8res innovations en mati\u00e8re de lentilles de contact, dans un environnement d\u00e9tendu et amical.<\/span><\/div><\/div><\/div><div class=\"sc_section margin_top_medium margin_bottom_huge aligncenter\"><div class=\"sc_section_inner\"><div class=\"sc_section_content_wrap\"><a href=\"\/fr\/our-services\/\" class=\"sc_button sc_button_square sc_button_style_filled sc_button_size_large margin_top_null margin_bottom_small style_color_original\">View All Services<\/a><\/div><\/div><\/div><\/div><\/div><\/div><\/div><div data-vc-full-width=\"true\" data-vc-full-width-init=\"false\" class=\"vc_row wpb_row vc_row-fluid vc_custom_1460557140982 vc_row-has-fill\"><div class=\"wpb_column vc_column_container vc_col-sm-12\"><div class=\"vc_column-inner\"><div class=\"wpb_wrapper\"><h2 class=\"sc_title sc_title_regular sc_align_center margin_top_super_huge margin_bottom_large\" style=\"text-align:center;\">Our Prices<\/h2><div class=\"columns_wrap sc_columns columns_nofluid sc_columns_count_4 margin_top_huge margin_bottom_super_huge\"><div class=\"column-1_4 sc_column_item sc_column_item_1 odd first\"><div class=\"sc_price_block sc_price_block_style_2\" style=\"width:100%;\"><div class=\"sc_price_block_title\"><span>ComprehensiveEye Exams <\/span><\/div><div class=\"sc_price_block_money\"><div class=\"sc_price\"><span class=\"sc_price_period\">from<\/span><span class=\"sc_price_currency\">$<\/span><span class=\"sc_price_money\">79<\/span><span class=\"sc_price_info\"><span class=\"sc_price_penny\">99<\/span><\/span><\/div><\/div><div class=\"sc_price_block_description\"><ul class=\"sc_list sc_list_style_iconed\"><li class=\"sc_list_item odd first\" title=\"efrf\"><span class=\"sc_list_icon icon-ok\"><\/span><div class=\"wpb_text_column wpb_content_element\" >\n\t\t<div class=\"wpb_wrapper\">\n\t\t\t<p>Lorem dolor<\/p>\n\n\t\t<\/div>\n\t<\/div><\/li><li class=\"sc_list_item even\" title=\"efrf\"><span class=\"sc_list_icon icon-ok\"><\/span><div class=\"wpb_text_column wpb_content_element\" >\n\t\t<div class=\"wpb_wrapper\">\n\t\t\t<p>Sit amet architecto<\/p>\n\n\t\t<\/div>\n\t<\/div><\/li><li class=\"sc_list_item odd\" title=\"efrf\"><span class=\"sc_list_icon icon-ok\"><\/span><div class=\"wpb_text_column wpb_content_element\" >\n\t\t<div class=\"wpb_wrapper\">\n\t\t\t<p>Ipsa quae ab<\/p>\n\n\t\t<\/div>\n\t<\/div><\/li><li class=\"sc_list_item even\" title=\"efrf\"><span class=\"sc_list_icon icon-ok\"><\/span><div class=\"wpb_text_column wpb_content_element\" >\n\t\t<div class=\"wpb_wrapper\">\n\t\t\t<p>Illo inventore<\/p>\n\n\t\t<\/div>\n\t<\/div><\/li><\/ul><\/div><div class=\"sc_price_block_link\"><a href=\"#\" class=\"sc_button sc_button_square sc_button_style_filled sc_button_size_small style_color_original\">Book Now<\/a><\/div><\/div><\/div><div class=\"column-1_4 sc_column_item sc_column_item_2 even\"><div class=\"sc_price_block sc_price_block_style_2\" style=\"width:100%;\"><div class=\"sc_price_block_title\"><span>Services optique complet<\/span><\/div><div class=\"sc_price_block_money\"><div class=\"sc_price\"><span class=\"sc_price_period\">from<\/span><span class=\"sc_price_currency\">$<\/span><span class=\"sc_price_money\">29<\/span><span class=\"sc_price_info\"><span class=\"sc_price_penny\">99<\/span><\/span><\/div><\/div><div class=\"sc_price_block_description\"><ul class=\"sc_list sc_list_style_iconed\"><li class=\"sc_list_item odd first\" title=\"efrf\"><span class=\"sc_list_icon icon-ok\"><\/span><div class=\"wpb_text_column wpb_content_element\" >\n\t\t<div class=\"wpb_wrapper\">\n\t\t\t<p>Lorem dolor<\/p>\n\n\t\t<\/div>\n\t<\/div><\/li><li class=\"sc_list_item even\" title=\"efrf\"><span class=\"sc_list_icon icon-ok\"><\/span><div class=\"wpb_text_column wpb_content_element\" >\n\t\t<div class=\"wpb_wrapper\">\n\t\t\t<p>Sit amet architecto<\/p>\n\n\t\t<\/div>\n\t<\/div><\/li><li class=\"sc_list_item odd\" title=\"efrf\"><span class=\"sc_list_icon icon-ok\"><\/span><div class=\"wpb_text_column wpb_content_element\" >\n\t\t<div class=\"wpb_wrapper\">\n\t\t\t<p>Ipsa quae ab<\/p>\n\n\t\t<\/div>\n\t<\/div><\/li><li class=\"sc_list_item even\" title=\"efrf\"><span class=\"sc_list_icon icon-ok\"><\/span><div class=\"wpb_text_column wpb_content_element\" >\n\t\t<div class=\"wpb_wrapper\">\n\t\t\t<p>Illo inventore<\/p>\n\n\t\t<\/div>\n\t<\/div><\/li><\/ul><\/div><div class=\"sc_price_block_link\"><a href=\"#\" class=\"sc_button sc_button_square sc_button_style_filled sc_button_size_small style_color_original\">Book Now<\/a><\/div><\/div><\/div><div class=\"column-1_4 sc_column_item sc_column_item_3 odd\"><div class=\"sc_price_block sc_price_block_style_2\" style=\"width:100%;\"><div class=\"sc_price_block_title\"><span>Examen pour ajustement de lentilles corn\u00e9ennes<\/span><\/div><div class=\"sc_price_block_money\"><div class=\"sc_price\"><span class=\"sc_price_period\">from<\/span><span class=\"sc_price_currency\">$<\/span><span class=\"sc_price_money\">19<\/span><span class=\"sc_price_info\"><span class=\"sc_price_penny\">99<\/span><\/span><\/div><\/div><div class=\"sc_price_block_description\"><ul class=\"sc_list sc_list_style_iconed\"><li class=\"sc_list_item odd first\" title=\"efrf\"><span class=\"sc_list_icon icon-ok\"><\/span><div class=\"wpb_text_column wpb_content_element\" >\n\t\t<div class=\"wpb_wrapper\">\n\t\t\t<p>Lorem dolor<\/p>\n\n\t\t<\/div>\n\t<\/div><\/li><li class=\"sc_list_item even\" title=\"efrf\"><span class=\"sc_list_icon icon-ok\"><\/span><div class=\"wpb_text_column wpb_content_element\" >\n\t\t<div class=\"wpb_wrapper\">\n\t\t\t<p>Sit amet architecto<\/p>\n\n\t\t<\/div>\n\t<\/div><\/li><li class=\"sc_list_item odd\" title=\"efrf\"><span class=\"sc_list_icon icon-ok\"><\/span><div class=\"wpb_text_column wpb_content_element\" >\n\t\t<div class=\"wpb_wrapper\">\n\t\t\t<p>Ipsa quae ab<\/p>\n\n\t\t<\/div>\n\t<\/div><\/li><li class=\"sc_list_item even\" title=\"efrf\"><span class=\"sc_list_icon icon-ok\"><\/span><div class=\"wpb_text_column wpb_content_element\" >\n\t\t<div class=\"wpb_wrapper\">\n\t\t\t<p>Illo inventore<\/p>\n\n\t\t<\/div>\n\t<\/div><\/li><\/ul><\/div><div class=\"sc_price_block_link\"><a href=\"#\" class=\"sc_button sc_button_square sc_button_style_filled sc_button_size_small style_color_original\">Book Now<\/a><\/div><\/div><\/div><div class=\"column-1_4 sc_column_item sc_column_item_4 even\"><div class=\"sc_price_block sc_price_block_style_2\" style=\"width:100%;\"><div class=\"sc_price_block_title\"><span>UrgentCare<\/span><\/div><div class=\"sc_price_block_money\"><div class=\"sc_price\"><span class=\"sc_price_period\">from<\/span><span class=\"sc_price_currency\">$<\/span><span class=\"sc_price_money\">19<\/span><span class=\"sc_price_info\"><span class=\"sc_price_penny\">99<\/span><\/span><\/div><\/div><div class=\"sc_price_block_description\"><ul class=\"sc_list sc_list_style_iconed\"><li class=\"sc_list_item odd first\" title=\"efrf\"><span class=\"sc_list_icon icon-ok\"><\/span><div class=\"wpb_text_column wpb_content_element\" >\n\t\t<div class=\"wpb_wrapper\">\n\t\t\t<p>Lorem dolor<\/p>\n\n\t\t<\/div>\n\t<\/div><\/li><li class=\"sc_list_item even\" title=\"efrf\"><span class=\"sc_list_icon icon-ok\"><\/span><div class=\"wpb_text_column wpb_content_element\" >\n\t\t<div class=\"wpb_wrapper\">\n\t\t\t<p>Sit amet architecto<\/p>\n\n\t\t<\/div>\n\t<\/div><\/li><li class=\"sc_list_item odd\" title=\"efrf\"><span class=\"sc_list_icon icon-ok\"><\/span><div class=\"wpb_text_column wpb_content_element\" >\n\t\t<div class=\"wpb_wrapper\">\n\t\t\t<p>Ipsa quae ab<\/p>\n\n\t\t<\/div>\n\t<\/div><\/li><li class=\"sc_list_item even\" title=\"efrf\"><span class=\"sc_list_icon icon-ok\"><\/span><div class=\"wpb_text_column wpb_content_element\" >\n\t\t<div class=\"wpb_wrapper\">\n\t\t\t<p>Illo inventore<\/p>\n\n\t\t<\/div>\n\t<\/div><\/li><\/ul><\/div><div class=\"sc_price_block_link\"><a href=\"#\" class=\"sc_button sc_button_square sc_button_style_filled sc_button_size_small style_color_original\">Book Now<\/a><\/div><\/div><\/div><\/div><\/div><\/div><\/div><\/div><div class=\"vc_row-full-width vc_clearfix\"><\/div>\n<\/div>","protected":false},"excerpt":{"rendered":"Full Scope Optometric ServicesWe treat our patients with the most careful and individual approach, stylish eye-wear and latest innovations in contact lenses in a relaxed and friendly environment.View All ServicesOur PricesComprehensiveEye Exams from$7999 Lorem dolor Sit amet architecto Ipsa quae ab Illo inventore Book NowComplete Optical Servicesfrom$2999 Lorem dolor Sit amet architecto Ipsa quae ab [...]","protected":false},"author":990003,"featured_media":0,"parent":0,"menu_order":0,"comment_status":"closed","ping_status":"closed","template":"","meta":{"footnotes":""},"class_list":["post-405","page","type-page","status-publish","hentry"],"_links":{"self":[{"href":"https:\/\/centrevisueloed.com\/fr\/wp-json\/wp\/v2\/pages\/405","targetHints":{"allow":["GET"]}}],"collection":[{"href":"https:\/\/centrevisueloed.com\/fr\/wp-json\/wp\/v2\/pages"}],"about":[{"href":"https:\/\/centrevisueloed.com\/fr\/wp-json\/wp\/v2\/types\/page"}],"author":[{"embeddable":true,"href":"https:\/\/centrevisueloed.com\/fr\/wp-json\/wp\/v2\/users\/990003"}],"replies":[{"embeddable":true,"href":"https:\/\/centrevisueloed.com\/fr\/wp-json\/wp\/v2\/comments?post=405"}],"version-history":[{"count":0,"href":"https:\/\/centrevisueloed.com\/fr\/wp-json\/wp\/v2\/pages\/405\/revisions"}],"wp:attachment":[{"href":"https:\/\/centrevisueloed.com\/fr\/wp-json\/wp\/v2\/media?parent=405"}],"curies":[{"name":"wp","href":"https:\/\/api.w.org\/{rel}","templated":true}]}}